{"id":345,"date":"2024-04-19T07:58:52","date_gmt":"2024-04-19T07:58:52","guid":{"rendered":"https:\/\/proqualitycertificate.com\/?post_type=product&#038;p=345"},"modified":"2024-05-22T08:05:53","modified_gmt":"2024-05-22T08:05:53","slug":"productos-scientiffic-nutrition","status":"publish","type":"product","link":"https:\/\/proqualitycertificate.com\/en\/marcascertificadas\/productos-scientiffic-nutrition\/","title":{"rendered":"Scientiffic Nutrition"},"content":{"rendered":"<ul class=\"wp-block-list\">\r\n<li><strong>MAKER<\/strong>: Scientiffic Nutrition<\/li>\r\n\r\n\r\n\r\n<li><strong>VARIETY<\/strong>: Isolat 2.0<\/li>\r\n\r\n\r\n\r\n<li><strong>AROMA OR FLAVOR<\/strong>: melon<\/li>\r\n<\/ul>\r\n\r\n\r\n\r\n<ul class=\"wp-block-list\">\r\n<li><strong>BATCH<\/strong>: 50916\/22<\/li>\r\n\r\n\r\n\r\n<li><strong>DATE OF EXPIRY<\/strong>: May 2024<\/li>\r\n<\/ul>\r\n\r\n\r\n\r\n<ul class=\"wp-block-list\">\r\n<li><strong>DATE OF ANALYSIS<\/strong>: 30-11-2022<\/li>\r\n\r\n\r\n\r\n<li><strong>DECLARED AMOUNT<\/strong>: 88.74 g\/100 g of product<\/li>\r\n<li><strong>AMOUNT ACCORDING TO GROSS ANALYSIS<\/strong>: 92.6 g\/100 g of product.<\/li>\r\n<li><strong>FINAL SCORE<\/strong>: 88.18 g\/100 g of product.<\/li>\r\n<\/ul>","protected":false},"excerpt":{"rendered":"","protected":false},"featured_media":73,"template":"","meta":{"saved_in_kubio":false},"product_cat":[25],"product_tag":[62,61,60,59,58],"class_list":{"0":"post-345","1":"product","2":"type-product","3":"status-publish","4":"has-post-thumbnail","6":"product_cat-productos-scientiffic-nutrition","7":"product_tag-cerficadora","8":"product_tag-certificate","9":"product_tag-proquality","10":"product_tag-proteinas","11":"product_tag-scientiffic-nutrition","13":"first","14":"outofstock","15":"shipping-taxable","16":"product-type-simple"},"yoast_head":"<!-- This site is optimized with the Yoast SEO plugin v22.8 - https:\/\/yoast.com\/wordpress\/plugins\/seo\/ -->\n<title>Scientiffic Nutrition - Pro Quality<\/title>\n<meta name=\"description\" content=\"Descubre la excelencia en nutrici\u00f3n cient\u00edfica con Scientiffic Nutrition. Productos dise\u00f1ados para optimizar tu bienestar y rendimiento f\u00edsico.\" \/>\n<meta name=\"robots\" content=\"index, follow, max-snippet:-1, max-image-preview:large, max-video-preview:-1\" \/>\n<link rel=\"canonical\" href=\"https:\/\/proqualitycertificate.com\/en\/marcascertificadas\/productos-scientiffic-nutrition\/\" \/>\n<meta property=\"og:locale\" content=\"en_GB\" \/>\n<meta property=\"og:type\" content=\"article\" \/>\n<meta property=\"og:title\" content=\"Scientiffic Nutrition - Pro Quality\" \/>\n<meta property=\"og:description\" content=\"Descubre la excelencia en nutrici\u00f3n cient\u00edfica con Scientiffic Nutrition. Productos dise\u00f1ados para optimizar tu bienestar y rendimiento f\u00edsico.\" \/>\n<meta property=\"og:url\" content=\"https:\/\/proqualitycertificate.com\/en\/marcascertificadas\/productos-scientiffic-nutrition\/\" \/>\n<meta property=\"og:site_name\" content=\"Pro Quality certificate\" \/>\n<meta property=\"article:modified_time\" content=\"2024-05-22T08:05:53+00:00\" \/>\n<meta property=\"og:image\" content=\"https:\/\/proqualitycertificate.com\/wp-content\/uploads\/2023\/09\/scientific1.jpeg\" \/>\n\t<meta property=\"og:image:width\" content=\"1000\" \/>\n\t<meta property=\"og:image:height\" content=\"1000\" \/>\n\t<meta property=\"og:image:type\" content=\"image\/jpeg\" \/>\n<meta name=\"twitter:card\" content=\"summary_large_image\" \/>\n<meta name=\"twitter:label1\" content=\"Estimated reading time\" \/>\n\t<meta name=\"twitter:data1\" content=\"1 minute\" \/>\n<script type=\"application\/ld+json\" class=\"yoast-schema-graph\">{\"@context\":\"https:\/\/schema.org\",\"@graph\":[{\"@type\":\"WebPage\",\"@id\":\"https:\/\/proqualitycertificate.com\/marcascertificadas\/productos-scientiffic-nutrition\/\",\"url\":\"https:\/\/proqualitycertificate.com\/marcascertificadas\/productos-scientiffic-nutrition\/\",\"name\":\"Scientiffic Nutrition - Pro Quality\",\"isPartOf\":{\"@id\":\"https:\/\/proqualitycertificate.com\/#website\"},\"primaryImageOfPage\":{\"@id\":\"https:\/\/proqualitycertificate.com\/marcascertificadas\/productos-scientiffic-nutrition\/#primaryimage\"},\"image\":{\"@id\":\"https:\/\/proqualitycertificate.com\/marcascertificadas\/productos-scientiffic-nutrition\/#primaryimage\"},\"thumbnailUrl\":\"https:\/\/proqualitycertificate.com\/wp-content\/uploads\/2023\/09\/scientific1.jpeg\",\"datePublished\":\"2024-04-19T07:58:52+00:00\",\"dateModified\":\"2024-05-22T08:05:53+00:00\",\"description\":\"Descubre la excelencia en nutrici\u00f3n cient\u00edfica con Scientiffic Nutrition. Productos dise\u00f1ados para optimizar tu bienestar y rendimiento f\u00edsico.\",\"breadcrumb\":{\"@id\":\"https:\/\/proqualitycertificate.com\/marcascertificadas\/productos-scientiffic-nutrition\/#breadcrumb\"},\"inLanguage\":\"en-GB\",\"potentialAction\":[{\"@type\":\"ReadAction\",\"target\":[\"https:\/\/proqualitycertificate.com\/marcascertificadas\/productos-scientiffic-nutrition\/\"]}]},{\"@type\":\"ImageObject\",\"inLanguage\":\"en-GB\",\"@id\":\"https:\/\/proqualitycertificate.com\/marcascertificadas\/productos-scientiffic-nutrition\/#primaryimage\",\"url\":\"https:\/\/proqualitycertificate.com\/wp-content\/uploads\/2023\/09\/scientific1.jpeg\",\"contentUrl\":\"https:\/\/proqualitycertificate.com\/wp-content\/uploads\/2023\/09\/scientific1.jpeg\",\"width\":1000,\"height\":1000,\"caption\":\"Producto que contiene prote\u00ednas en polvo, producto que ha sido certificado por Pro Quality.\"},{\"@type\":\"BreadcrumbList\",\"@id\":\"https:\/\/proqualitycertificate.com\/marcascertificadas\/productos-scientiffic-nutrition\/#breadcrumb\",\"itemListElement\":[{\"@type\":\"ListItem\",\"position\":1,\"name\":\"Portada\",\"item\":\"https:\/\/proqualitycertificate.com\/\"},{\"@type\":\"ListItem\",\"position\":2,\"name\":\"Marcas Certificadas\",\"item\":\"https:\/\/proqualitycertificate.com\/marcas-certificadas-pro-quality\/\"},{\"@type\":\"ListItem\",\"position\":3,\"name\":\"Scientiffic Nutrition\"}]},{\"@type\":\"WebSite\",\"@id\":\"https:\/\/proqualitycertificate.com\/#website\",\"url\":\"https:\/\/proqualitycertificate.com\/\",\"name\":\"Pro Quality certificate\",\"description\":\"\",\"publisher\":{\"@id\":\"https:\/\/proqualitycertificate.com\/#organization\"},\"potentialAction\":[{\"@type\":\"SearchAction\",\"target\":{\"@type\":\"EntryPoint\",\"urlTemplate\":\"https:\/\/proqualitycertificate.com\/?s={search_term_string}\"},\"query-input\":\"required name=search_term_string\"}],\"inLanguage\":\"en-GB\"},{\"@type\":\"Organization\",\"@id\":\"https:\/\/proqualitycertificate.com\/#organization\",\"name\":\"Pro Quality certificate\",\"url\":\"https:\/\/proqualitycertificate.com\/\",\"logo\":{\"@type\":\"ImageObject\",\"inLanguage\":\"en-GB\",\"@id\":\"https:\/\/proqualitycertificate.com\/#\/schema\/logo\/image\/\",\"url\":\"https:\/\/proqualitycertificate.com\/wp-content\/uploads\/2024\/04\/Logo-Pro-Quality.png\",\"contentUrl\":\"https:\/\/proqualitycertificate.com\/wp-content\/uploads\/2024\/04\/Logo-Pro-Quality.png\",\"width\":500,\"height\":500,\"caption\":\"Pro Quality certificate\"},\"image\":{\"@id\":\"https:\/\/proqualitycertificate.com\/#\/schema\/logo\/image\/\"}}]}<\/script>\n<!-- \/ Yoast SEO plugin. -->","yoast_head_json":{"title":"Scientiffic Nutrition - Pro Quality","description":"Descubre la excelencia en nutrici\u00f3n cient\u00edfica con Scientiffic Nutrition. Productos dise\u00f1ados para optimizar tu bienestar y rendimiento f\u00edsico.","robots":{"index":"index","follow":"follow","max-snippet":"max-snippet:-1","max-image-preview":"max-image-preview:large","max-video-preview":"max-video-preview:-1"},"canonical":"https:\/\/proqualitycertificate.com\/en\/marcascertificadas\/productos-scientiffic-nutrition\/","og_locale":"en_GB","og_type":"article","og_title":"Scientiffic Nutrition - Pro Quality","og_description":"Descubre la excelencia en nutrici\u00f3n cient\u00edfica con Scientiffic Nutrition. Productos dise\u00f1ados para optimizar tu bienestar y rendimiento f\u00edsico.","og_url":"https:\/\/proqualitycertificate.com\/en\/marcascertificadas\/productos-scientiffic-nutrition\/","og_site_name":"Pro Quality certificate","article_modified_time":"2024-05-22T08:05:53+00:00","og_image":[{"width":1000,"height":1000,"url":"https:\/\/proqualitycertificate.com\/wp-content\/uploads\/2023\/09\/scientific1.jpeg","type":"image\/jpeg"}],"twitter_card":"summary_large_image","twitter_misc":{"Estimated reading time":"1 minute"},"schema":{"@context":"https:\/\/schema.org","@graph":[{"@type":"WebPage","@id":"https:\/\/proqualitycertificate.com\/marcascertificadas\/productos-scientiffic-nutrition\/","url":"https:\/\/proqualitycertificate.com\/marcascertificadas\/productos-scientiffic-nutrition\/","name":"Scientiffic Nutrition - Pro Quality","isPartOf":{"@id":"https:\/\/proqualitycertificate.com\/#website"},"primaryImageOfPage":{"@id":"https:\/\/proqualitycertificate.com\/marcascertificadas\/productos-scientiffic-nutrition\/#primaryimage"},"image":{"@id":"https:\/\/proqualitycertificate.com\/marcascertificadas\/productos-scientiffic-nutrition\/#primaryimage"},"thumbnailUrl":"https:\/\/proqualitycertificate.com\/wp-content\/uploads\/2023\/09\/scientific1.jpeg","datePublished":"2024-04-19T07:58:52+00:00","dateModified":"2024-05-22T08:05:53+00:00","description":"Descubre la excelencia en nutrici\u00f3n cient\u00edfica con Scientiffic Nutrition. Productos dise\u00f1ados para optimizar tu bienestar y rendimiento f\u00edsico.","breadcrumb":{"@id":"https:\/\/proqualitycertificate.com\/marcascertificadas\/productos-scientiffic-nutrition\/#breadcrumb"},"inLanguage":"en-GB","potentialAction":[{"@type":"ReadAction","target":["https:\/\/proqualitycertificate.com\/marcascertificadas\/productos-scientiffic-nutrition\/"]}]},{"@type":"ImageObject","inLanguage":"en-GB","@id":"https:\/\/proqualitycertificate.com\/marcascertificadas\/productos-scientiffic-nutrition\/#primaryimage","url":"https:\/\/proqualitycertificate.com\/wp-content\/uploads\/2023\/09\/scientific1.jpeg","contentUrl":"https:\/\/proqualitycertificate.com\/wp-content\/uploads\/2023\/09\/scientific1.jpeg","width":1000,"height":1000,"caption":"Producto que contiene prote\u00ednas en polvo, producto que ha sido certificado por Pro Quality."},{"@type":"BreadcrumbList","@id":"https:\/\/proqualitycertificate.com\/marcascertificadas\/productos-scientiffic-nutrition\/#breadcrumb","itemListElement":[{"@type":"ListItem","position":1,"name":"Portada","item":"https:\/\/proqualitycertificate.com\/"},{"@type":"ListItem","position":2,"name":"Marcas Certificadas","item":"https:\/\/proqualitycertificate.com\/marcas-certificadas-pro-quality\/"},{"@type":"ListItem","position":3,"name":"Scientiffic Nutrition"}]},{"@type":"WebSite","@id":"https:\/\/proqualitycertificate.com\/#website","url":"https:\/\/proqualitycertificate.com\/","name":"Pro Quality certificate","description":"","publisher":{"@id":"https:\/\/proqualitycertificate.com\/#organization"},"potentialAction":[{"@type":"SearchAction","target":{"@type":"EntryPoint","urlTemplate":"https:\/\/proqualitycertificate.com\/?s={search_term_string}"},"query-input":"required name=search_term_string"}],"inLanguage":"en-GB"},{"@type":"Organization","@id":"https:\/\/proqualitycertificate.com\/#organization","name":"Pro Quality certificate","url":"https:\/\/proqualitycertificate.com\/","logo":{"@type":"ImageObject","inLanguage":"en-GB","@id":"https:\/\/proqualitycertificate.com\/#\/schema\/logo\/image\/","url":"https:\/\/proqualitycertificate.com\/wp-content\/uploads\/2024\/04\/Logo-Pro-Quality.png","contentUrl":"https:\/\/proqualitycertificate.com\/wp-content\/uploads\/2024\/04\/Logo-Pro-Quality.png","width":500,"height":500,"caption":"Pro Quality certificate"},"image":{"@id":"https:\/\/proqualitycertificate.com\/#\/schema\/logo\/image\/"}}]}},"_links":{"self":[{"href":"https:\/\/proqualitycertificate.com\/en\/wp-json\/wp\/v2\/product\/345","targetHints":{"allow":["GET"]}}],"collection":[{"href":"https:\/\/proqualitycertificate.com\/en\/wp-json\/wp\/v2\/product"}],"about":[{"href":"https:\/\/proqualitycertificate.com\/en\/wp-json\/wp\/v2\/types\/product"}],"wp:featuredmedia":[{"embeddable":true,"href":"https:\/\/proqualitycertificate.com\/en\/wp-json\/wp\/v2\/media\/73"}],"wp:attachment":[{"href":"https:\/\/proqualitycertificate.com\/en\/wp-json\/wp\/v2\/media?parent=345"}],"wp:term":[{"taxonomy":"product_cat","embeddable":true,"href":"https:\/\/proqualitycertificate.com\/en\/wp-json\/wp\/v2\/product_cat?post=345"},{"taxonomy":"product_tag","embeddable":true,"href":"https:\/\/proqualitycertificate.com\/en\/wp-json\/wp\/v2\/product_tag?post=345"}],"curies":[{"name":"wp","href":"https:\/\/api.w.org\/{rel}","templated":true}]}}